{"id":27132,"date":"2025-09-01T10:37:53","date_gmt":"2025-09-01T10:37:53","guid":{"rendered":"https:\/\/knowwestafrica.org\/?page_id=27132"},"modified":"2026-01-01T20:19:55","modified_gmt":"2026-01-01T20:19:55","slug":"about-us","status":"publish","type":"page","link":"https:\/\/knowwestafrica.org\/fr\/about-us\/","title":{"rendered":"\u00c0 propos de nous"},"content":{"rendered":"<div data-elementor-type=\"wp-page\" data-elementor-id=\"27132\" class=\"elementor elementor-27132\" data-elementor-post-type=\"page\">\n\t\t\t\t<div class=\"elementor-element elementor-element-8feb64d e-con-full e-flex e-con e-parent\" data-id=\"8feb64d\" data-element_type=\"container\" data-settings=\"{&quot;background_background&quot;:&quot;classic&quot;}\">\n\t\t\t\t<div class=\"elementor-element elementor-element-393fbd6 elementor-widget elementor-widget-text-editor\" data-id=\"393fbd6\" data-element_type=\"widget\" data-widget_type=\"text-editor.default\">\n\t\t\t\t\t\t\t\t\t<p>\u00c0 propos de nous<\/p>\n\t\t\t\t\t\t\t\t<\/div>\n\t\t\t\t<div class=\"elementor-element elementor-element-90eff64 elementor-widget__width-initial elementor-widget-divider--view-line elementor-widget elementor-widget-divider\" data-id=\"90eff64\" data-element_type=\"widget\" data-widget_type=\"divider.default\">\n\t\t\t\t\t\t\t<div class=\"elementor-divider\">\n\t\t\t<span class=\"elementor-divider-separator\">\n\t\t\t\t\t\t<\/span>\n\t\t<\/div>\n\t\t\t\t\t\t<\/div>\n\t\t\t\t<div class=\"elementor-element elementor-element-7e53a9a elementor-widget__width-initial elementor-widget elementor-widget-text-editor\" data-id=\"7e53a9a\" data-element_type=\"widget\" data-widget_type=\"text-editor.default\">\n\t\t\t\t\t\t\t\t\t<p><span style=\"font-weight: 400;\">Nous vous pr\u00e9sentons le premier syst\u00e8me interactif de gestion de l'apprentissage (LMS) pan-r\u00e9gional d'Afrique de l'Ouest, une plateforme unique m\u00e9ticuleusement con\u00e7ue pour \u00e9lever l'\u00e9ducation civique \u00e0 travers la r\u00e9gion. Ce syst\u00e8me novateur est con\u00e7u pour servir l'ensemble de la population ouest-africaine, offrant un espace complet, accessible et convivial regorgeant de ressources \u00e9ducatives diverses, de modules d'apprentissage interactifs et d'activit\u00e9s engageantes ax\u00e9es sur la responsabilit\u00e9 civique, la gouvernance et le d\u00e9veloppement communautaire.&nbsp;<\/span><\/p>\n<p><span style=\"font-weight: 400;\"><br \/><\/span><\/p>\n<p><span style=\"font-weight: 400;\">En utilisant des outils num\u00e9riques modernes et en encourageant la collaboration entre les \u00e9coles, les organismes gouvernementaux et les groupes de la soci\u00e9t\u00e9 civile, ce LMS vise \u00e0 doter les citoyens des connaissances et des comp\u00e9tences dont ils ont besoin pour participer activement et de mani\u00e8re responsable \u00e0 leur d\u00e9mocratie. Il repr\u00e9sente une avanc\u00e9e significative dans la construction de communaut\u00e9s inform\u00e9es et engag\u00e9es dans toute l'Afrique de l'Ouest. C<\/span>L'espace ivic, la d\u00e9sinformation et l'apathie politique. Que vous soyez un nouvel \u00e9lecteur, un jeune leader ou un d\u00e9fenseur de la communaut\u00e9, KnowWestAfrica est votre espace d'apprentissage et de leadership.<\/p>\n<p><\/p>\n<p><b>Couverture r\u00e9gionale<\/b><\/p>\n<p><span style=\"font-weight: 400;\">Au service de tous les pays d'Afrique de l'Ouest avec un contenu civique actif localis\u00e9 et des supports culturellement pertinents.<\/span><\/p>\n<p><span style=\"font-weight: 400;\">&nbsp;<\/span><\/p>\n<p><span style=\"font-weight: 400;\">&nbsp;<\/span><b>Langues locales<\/b><\/p>\n<p><span style=\"font-weight: 400;\">Le contenu est diffus\u00e9 dans certaines langues standard de la CEDEAO, notamment l'anglais, le fran\u00e7ais, le portugais et le hausa, et s'\u00e9tend au twi, au yoruba, au cr\u00e9ole et au wolof.<\/span><\/p>\n<p><span style=\"font-weight: 400;\">&nbsp;<\/span><\/p>\n<p><b>\u00c9ducation compl\u00e8te<\/b><\/p>\n<p><span style=\"font-weight: 400;\">Notre r\u00e9pertoire est un v\u00e9ritable tr\u00e9sor, qui couvre la gouvernance, les \u00e9lections et le vote, les droits juridiques, la justice climatique, l'activisme des jeunes, la fiscalit\u00e9, la transparence fiscale, la budg\u00e9tisation, la violence domestique, la transparence parlementaire, la mondialisation et une myriade d'autres sujets, garantissant ainsi une \u00e9ducation compl\u00e8te pour tous. Quel que soit votre int\u00e9r\u00eat, Know West Africa vous couvre.<\/span><\/p>\n\t\t\t\t\t\t\t\t<\/div>\n\t\t\t\t<\/div>\n\t\t<div class=\"elementor-element elementor-element-38633d2 e-con-full e-flex e-con e-parent\" data-id=\"38633d2\" data-element_type=\"container\">\n\t\t\t\t<div class=\"elementor-element elementor-element-7dd822a elementor-invisible elementor-widget elementor-widget-heading\" data-id=\"7dd822a\" data-element_type=\"widget\" data-settings=\"{&quot;_animation&quot;:&quot;fadeInRight&quot;}\" data-widget_type=\"heading.default\">\n\t\t\t\t\t<h2 class=\"elementor-heading-title elementor-size-default\">Comment nous proc\u00e9dons<\/h2>\t\t\t\t<\/div>\n\t\t<div class=\"elementor-element elementor-element-031d653 e-con-full e-flex e-con e-child\" data-id=\"031d653\" data-element_type=\"container\">\n\t\t<div class=\"elementor-element elementor-element-ad62616 e-con-full animated-slow e-flex elementor-invisible e-con e-child\" data-id=\"ad62616\" data-element_type=\"container\" data-settings=\"{&quot;animation&quot;:&quot;fadeInLeft&quot;}\">\n\t\t\t\t<div class=\"elementor-element elementor-element-6ffe756 elementor-widget__width-initial elementor-widget elementor-widget-text-editor\" data-id=\"6ffe756\" data-element_type=\"widget\" data-widget_type=\"text-editor.default\">\n\t\t\t\t\t\t\t\t\t<p><strong>Modules d'apprentissage num\u00e9rique<\/strong><br \/>Des cours accessibles, \u00e0 son propre rythme, sur le vote, la gouvernance, les droits de l'homme, les \u00e9lections, la responsabilit\u00e9 politique, etc.<\/p>\n\t\t\t\t\t\t\t\t<\/div>\n\t\t\t\t<div class=\"elementor-element elementor-element-5fc255e elementor-widget__width-initial elementor-widget elementor-widget-text-editor\" data-id=\"5fc255e\" data-element_type=\"widget\" data-widget_type=\"text-editor.default\">\n\t\t\t\t\t\t\t\t\t<p><b>Langues locales<\/b><br \/><span style=\"font-weight: 400;\">Pour atteindre les communaut\u00e9s mal desservies, le contenu est diffus\u00e9 dans certaines langues standard de la CEDEAO, notamment l'anglais, le fran\u00e7ais, le portugais, le hausa, et s'\u00e9tend au twi, au yoruba, au cr\u00e9ole et au wolof.<\/span><\/p>\n\t\t\t\t\t\t\t\t<\/div>\n\t\t\t\t<div class=\"elementor-element elementor-element-c7b8bf6 elementor-widget__width-initial elementor-widget elementor-widget-text-editor\" data-id=\"c7b8bf6\" data-element_type=\"widget\" data-widget_type=\"text-editor.default\">\n\t\t\t\t\t\t\t\t\t<p><strong>T\u00e9moignages et id\u00e9es de citoyens actifs<\/strong><br \/>Des histoires vraies de vrais citoyens, de primo-votants et de jeunes qui montrent comment les gens de tous les jours fa\u00e7onnent la d\u00e9mocratie dans leurs communaut\u00e9s.<\/p>\n\t\t\t\t\t\t\t\t<\/div>\n\t\t\t\t<div class=\"elementor-element elementor-element-cbc4f94 elementor-widget__width-initial elementor-widget elementor-widget-text-editor\" data-id=\"cbc4f94\" data-element_type=\"widget\" data-widget_type=\"text-editor.default\">\n\t\t\t\t\t\t\t\t\t<p><b>Temp\u00eates sur les campus et engagements communautaires <\/b><br \/><span style=\"font-weight: 400;\">Nous nous associons avec confiance aux campus d'enseignement sup\u00e9rieur, aux lyc\u00e9es, aux coll\u00e8ges et aux \u00e9coles primaires pour permettre aux jeunes de s'engager activement et de comprendre tr\u00e8s t\u00f4t les activit\u00e9s civiques, les pr\u00e9parant ainsi \u00e0 devenir des membres responsables de la soci\u00e9t\u00e9. Nos efforts communautaires touchent v\u00e9ritablement un groupe plus large et plus diversifi\u00e9 de personnes, partageant le message positif de la citoyennet\u00e9 active et inspirant chacun \u00e0 s'impliquer. <\/span><\/p>\n\t\t\t\t\t\t\t\t<\/div>\n\t\t\t\t<div class=\"elementor-element elementor-element-6a7cbaa elementor-widget__width-initial elementor-widget elementor-widget-text-editor\" data-id=\"6a7cbaa\" data-element_type=\"widget\" data-widget_type=\"text-editor.default\">\n\t\t\t\t\t\t\t\t\t<p><b>Podcasts<\/b><br \/><span style=\"font-weight: 400;\">Notre plateforme de podcasts propose des conversations avec des acteurs civiques chevronn\u00e9s et des influenceurs mondiaux qui partagent leurs connaissances dans leur domaine.<\/span><\/p>\n\t\t\t\t\t\t\t\t<\/div>\n\t\t\t\t<\/div>\n\t\t<div class=\"elementor-element elementor-element-f57cacd e-con-full animated-slow e-flex elementor-invisible e-con e-child\" data-id=\"f57cacd\" data-element_type=\"container\" data-settings=\"{&quot;animation&quot;:&quot;fadeInRight&quot;,&quot;background_background&quot;:&quot;classic&quot;}\">\n\t\t\t\t<\/div>\n\t\t\t\t<\/div>\n\t\t\t\t<\/div>\n\t\t<div class=\"elementor-element elementor-element-130f4ea e-con-full e-flex e-con e-parent\" data-id=\"130f4ea\" data-element_type=\"container\">\n\t\t\t\t<div class=\"elementor-element elementor-element-ff5e642 animated-slow elementor-invisible elementor-widget elementor-widget-heading\" data-id=\"ff5e642\" data-element_type=\"widget\" data-settings=\"{&quot;_animation&quot;:&quot;fadeInRight&quot;}\" data-widget_type=\"heading.default\">\n\t\t\t\t\t<h2 class=\"elementor-heading-title elementor-size-default\">Pourquoi nous le faisons<\/h2>\t\t\t\t<\/div>\n\t\t\t\t<div class=\"elementor-element elementor-element-ce9a3fa elementor-widget__width-initial animated-slow elementor-invisible elementor-widget elementor-widget-text-editor\" data-id=\"ce9a3fa\" data-element_type=\"widget\" data-settings=\"{&quot;_animation&quot;:&quot;fadeInLeft&quot;}\" data-widget_type=\"text-editor.default\">\n\t\t\t\t\t\t\t\t\t<p><span style=\"font-weight: 400;\">KnowWestAfrica est plus qu'une simple plateforme, c'est une communaut\u00e9 r\u00e9gionale dynamique d\u00e9di\u00e9e \u00e0 la promotion de l'engagement civique actif et de la responsabilit\u00e9 sociale. Notre mission est de cultiver des citoyens inform\u00e9s et \u00e9duqu\u00e9s qui participent activement \u00e0 l'\u00e9laboration de leurs soci\u00e9t\u00e9s. Par l'\u00e9ducation, le dialogue, la narration et la collaboration, nous visons \u00e0 donner aux individus les moyens de contribuer de mani\u00e8re significative \u00e0 leurs communaut\u00e9s et \u00e0 la r\u00e9gion dans son ensemble, en promouvant le d\u00e9veloppement durable et la fiert\u00e9 civique.<\/span><\/p>\n\t\t\t\t\t\t\t\t<\/div>\n\t\t<div class=\"elementor-element elementor-element-08ed81c e-con-full e-flex e-con e-child\" data-id=\"08ed81c\" data-element_type=\"container\">\n\t\t<div class=\"elementor-element elementor-element-5f2c435 e-con-full animated-slow e-flex elementor-invisible e-con e-child\" data-id=\"5f2c435\" data-element_type=\"container\" data-settings=\"{&quot;animation&quot;:&quot;bounceInDown&quot;,&quot;background_background&quot;:&quot;classic&quot;}\">\n\t\t\t\t<div class=\"elementor-element elementor-element-5d36f08 elementor-widget elementor-widget-text-editor\" data-id=\"5d36f08\" data-element_type=\"widget\" data-widget_type=\"text-editor.default\">\n\t\t\t\t\t\t\t\t\t<p>Combler le foss\u00e9 des connaissances civiques dans les communaut\u00e9s urbaines et rurales<\/p>\n\t\t\t\t\t\t\t\t<\/div>\n\t\t\t\t<\/div>\n\t\t<div class=\"elementor-element elementor-element-885d1a8 e-con-full animated-slow e-flex elementor-invisible e-con e-child\" data-id=\"885d1a8\" data-element_type=\"container\" data-settings=\"{&quot;animation&quot;:&quot;bounceInUp&quot;,&quot;background_background&quot;:&quot;classic&quot;}\">\n\t\t\t\t<div class=\"elementor-element elementor-element-e83e13e elementor-widget elementor-widget-text-editor\" data-id=\"e83e13e\" data-element_type=\"widget\" data-widget_type=\"text-editor.default\">\n\t\t\t\t\t\t\t\t\t<p>Contrer la d\u00e9sinformation par un contenu v\u00e9rifi\u00e9 et engageant<\/p>\n\t\t\t\t\t\t\t\t<\/div>\n\t\t\t\t<\/div>\n\t\t<div class=\"elementor-element elementor-element-d6f6c47 e-con-full animated-slow e-flex elementor-invisible e-con e-child\" data-id=\"d6f6c47\" data-element_type=\"container\" data-settings=\"{&quot;animation&quot;:&quot;bounceInDown&quot;,&quot;background_background&quot;:&quot;classic&quot;}\">\n\t\t\t\t<div class=\"elementor-element elementor-element-fff5adf elementor-widget elementor-widget-text-editor\" data-id=\"fff5adf\" data-element_type=\"widget\" data-widget_type=\"text-editor.default\">\n\t\t\t\t\t\t\t\t\t<p>Promouvoir la participation politique, en particulier chez les jeunes, les femmes et les groupes marginalis\u00e9s<\/p>\n\t\t\t\t\t\t\t\t<\/div>\n\t\t\t\t<\/div>\n\t\t<div class=\"elementor-element elementor-element-4c6ac13 e-con-full animated-slow e-flex elementor-invisible e-con e-child\" data-id=\"4c6ac13\" data-element_type=\"container\" data-settings=\"{&quot;animation&quot;:&quot;bounceInUp&quot;,&quot;background_background&quot;:&quot;classic&quot;}\">\n\t\t\t\t<div class=\"elementor-element elementor-element-3a13089 elementor-widget elementor-widget-text-editor\" data-id=\"3a13089\" data-element_type=\"widget\" data-widget_type=\"text-editor.default\">\n\t\t\t\t\t\t\t\t\t<p>Favorise la citoyennet\u00e9 active et l'engagement d\u00e9mocratique pacifique dans toute l'Afrique de l'Ouest<\/p>\n\t\t\t\t\t\t\t\t<\/div>\n\t\t\t\t<\/div>\n\t\t\t\t<\/div>\n\t\t\t\t<\/div>\n\t\t\t\t<\/div>","protected":false},"excerpt":{"rendered":"<p>About Us Introducing West Africa&#8217;s first interactive Pan-Regional Learning Management System (LMS), a unique platform meticulously crafted to elevate civic education across the region. This groundbreaking system is curated to serve the entire West African populace, offering a comprehensive, accessible, and user-friendly space brimming with diverse educational resources, interactive learning modules, and engaging activities centered [&hellip;]<\/p>","protected":false},"author":1,"featured_media":0,"parent":0,"menu_order":0,"comment_status":"closed","ping_status":"closed","template":"elementor_canvas","meta":{"pmpro_default_level":"","footnotes":""},"class_list":["post-27132","page","type-page","status-publish","hentry","pmpro-has-access"],"_links":{"self":[{"href":"https:\/\/knowwestafrica.org\/fr\/wp-json\/wp\/v2\/pages\/27132","targetHints":{"allow":["GET"]}}],"collection":[{"href":"https:\/\/knowwestafrica.org\/fr\/wp-json\/wp\/v2\/pages"}],"about":[{"href":"https:\/\/knowwestafrica.org\/fr\/wp-json\/wp\/v2\/types\/page"}],"author":[{"embeddable":true,"href":"https:\/\/knowwestafrica.org\/fr\/wp-json\/wp\/v2\/users\/1"}],"replies":[{"embeddable":true,"href":"https:\/\/knowwestafrica.org\/fr\/wp-json\/wp\/v2\/comments?post=27132"}],"version-history":[{"count":33,"href":"https:\/\/knowwestafrica.org\/fr\/wp-json\/wp\/v2\/pages\/27132\/revisions"}],"predecessor-version":[{"id":29256,"href":"https:\/\/knowwestafrica.org\/fr\/wp-json\/wp\/v2\/pages\/27132\/revisions\/29256"}],"wp:attachment":[{"href":"https:\/\/knowwestafrica.org\/fr\/wp-json\/wp\/v2\/media?parent=27132"}],"curies":[{"name":"wp","href":"https:\/\/api.w.org\/{rel}","templated":true}]}}